{"id":13,"date":"2024-07-18T09:03:50","date_gmt":"2024-07-18T09:03:50","guid":{"rendered":"https:\/\/gainzaurrutiaabogados.rkinformatika.online\/?page_id=13"},"modified":"2024-11-20T14:05:41","modified_gmt":"2024-11-20T14:05:41","slug":"servicios","status":"publish","type":"page","link":"https:\/\/abogadaarantzagarcia.com\/eus\/servicios\/","title":{"rendered":"ZERBITZUAK"},"content":{"rendered":"<div data-elementor-type=\"wp-page\" data-elementor-id=\"13\" class=\"elementor elementor-13\" data-elementor-post-type=\"page\">\n\t\t\t\t<div class=\"elementor-element elementor-element-10bb1e12 e-flex e-con-boxed e-con e-parent\" data-id=\"10bb1e12\" data-element_type=\"container\" data-e-type=\"container\" data-settings=\"{&quot;background_background&quot;:&quot;classic&quot;}\">\n\t\t\t\t\t<div class=\"e-con-inner\">\n\t\t\t\t<div class=\"elementor-element elementor-element-5e6904b elementor-invisible elementor-widget elementor-widget-heading\" data-id=\"5e6904b\" data-element_type=\"widget\" data-e-type=\"widget\" data-settings=\"{&quot;_animation&quot;:&quot;fadeInRight&quot;}\" data-widget_type=\"heading.default\">\n\t\t\t\t<div class=\"elementor-widget-container\">\n\t\t\t\t\t<h3 class=\"elementor-heading-title elementor-size-default\">Asesoramiento jur\u00eddico que te protege y defiende.<\/h3>\t\t\t\t<\/div>\n\t\t\t\t<\/div>\n\t\t\t\t\t<\/div>\n\t\t\t\t<\/div>\n\t\t<div class=\"elementor-element elementor-element-c193b4f e-con-full e-flex e-con e-parent\" data-id=\"c193b4f\" data-element_type=\"container\" data-e-type=\"container\">\n\t\t<div class=\"elementor-element elementor-element-6dfaeac e-con-full e-flex e-con e-child\" data-id=\"6dfaeac\" data-element_type=\"container\" data-e-type=\"container\" data-settings=\"{&quot;background_background&quot;:&quot;classic&quot;}\">\n\t\t\t\t<\/div>\n\t\t<div class=\"elementor-element elementor-element-7ab971a e-con-full e-flex elementor-invisible e-con e-child\" data-id=\"7ab971a\" data-element_type=\"container\" data-e-type=\"container\" data-settings=\"{&quot;background_background&quot;:&quot;classic&quot;,&quot;animation&quot;:&quot;fadeInRight&quot;}\">\n\t\t\t\t<div class=\"elementor-element elementor-element-9a347ec elementor-widget elementor-widget-heading\" data-id=\"9a347ec\" data-element_type=\"widget\" data-e-type=\"widget\" data-widget_type=\"heading.default\">\n\t\t\t\t<div class=\"elementor-widget-container\">\n\t\t\t\t\t<h2 class=\"elementor-heading-title elementor-size-default\">Asesoramiento jur\u00eddico<\/h2>\t\t\t\t<\/div>\n\t\t\t\t<\/div>\n\t\t\t\t<div class=\"elementor-element elementor-element-88f3072 elementor-widget__width-initial elementor-widget elementor-widget-text-editor\" data-id=\"88f3072\" data-element_type=\"widget\" data-e-type=\"widget\" data-widget_type=\"text-editor.default\">\n\t\t\t\t<div class=\"elementor-widget-container\">\n\t\t\t\t\t\t\t\t\t<p>Asesoramiento jur\u00eddico con m\u00e1s de 25 a\u00f1os de experiencia, brindando confianza y soluciones efectivas. Especializada en ofrecer soluciones legales integrales y adaptadas a cada cliente, su s\u00f3lida trayectoria y compromiso la respaldan como una experta en el \u00e1mbito jur\u00eddico.<\/p>\t\t\t\t\t\t\t\t<\/div>\n\t\t\t\t<\/div>\n\t\t\t\t<\/div>\n\t\t\t\t<\/div>\n\t\t<div class=\"elementor-element elementor-element-b421f73 e-con-full e-flex e-con e-parent\" data-id=\"b421f73\" data-element_type=\"container\" data-e-type=\"container\">\n\t\t<div class=\"elementor-element elementor-element-8dc4d28 e-con-full elementor-hidden-desktop elementor-hidden-tablet e-flex e-con e-child\" data-id=\"8dc4d28\" data-element_type=\"container\" data-e-type=\"container\" data-settings=\"{&quot;background_background&quot;:&quot;classic&quot;}\">\n\t\t\t\t<\/div>\n\t\t<div class=\"elementor-element elementor-element-5c37a98 e-con-full e-flex elementor-invisible e-con e-child\" data-id=\"5c37a98\" data-element_type=\"container\" data-e-type=\"container\" data-settings=\"{&quot;background_background&quot;:&quot;classic&quot;,&quot;animation&quot;:&quot;fadeInLeft&quot;}\">\n\t\t\t\t<div class=\"elementor-element elementor-element-e7559d9 elementor-widget elementor-widget-heading\" data-id=\"e7559d9\" data-element_type=\"widget\" data-e-type=\"widget\" data-widget_type=\"heading.default\">\n\t\t\t\t<div class=\"elementor-widget-container\">\n\t\t\t\t\t<h2 class=\"elementor-heading-title elementor-size-default\">Administradora Colegiada<\/h2>\t\t\t\t<\/div>\n\t\t\t\t<\/div>\n\t\t\t\t<div class=\"elementor-element elementor-element-f021ca9 elementor-widget__width-initial elementor-widget elementor-widget-text-editor\" data-id=\"f021ca9\" data-element_type=\"widget\" data-e-type=\"widget\" data-widget_type=\"text-editor.default\">\n\t\t\t\t<div class=\"elementor-widget-container\">\n\t\t\t\t\t\t\t\t\t<p>Garantiza una gesti\u00f3n eficiente y profesional en la administraci\u00f3n de fincas y comunidades. Confianza, dedicaci\u00f3n y excelencia en cada caso.<\/p>\t\t\t\t\t\t\t\t<\/div>\n\t\t\t\t<\/div>\n\t\t\t\t<\/div>\n\t\t<div class=\"elementor-element elementor-element-ed0cb2a e-con-full elementor-hidden-mobile e-flex e-con e-child\" data-id=\"ed0cb2a\" data-element_type=\"container\" data-e-type=\"container\" data-settings=\"{&quot;background_background&quot;:&quot;classic&quot;}\">\n\t\t\t\t<\/div>\n\t\t\t\t<\/div>\n\t\t\t\t<\/div>","protected":false},"excerpt":{"rendered":"<p>Asesoramiento jur\u00eddico que te protege y defiende. Asesoramiento jur\u00eddico Asesoramiento jur\u00eddico con m\u00e1s de 25 a\u00f1os de experiencia, brindando confianza y soluciones efectivas. Especializada en ofrecer soluciones legales integrales y adaptadas a cada cliente, su s\u00f3lida trayectoria y compromiso la respaldan como una experta en el \u00e1mbito jur\u00eddico. Administradora Colegiada Garantiza una gesti\u00f3n eficiente y [&hellip;]<\/p>\n","protected":false},"author":2,"featured_media":0,"parent":0,"menu_order":0,"comment_status":"closed","ping_status":"closed","template":"elementor_canvas","meta":{"footnotes":""},"class_list":["post-13","page","type-page","status-publish","hentry"],"yoast_head":"<!-- This site is optimized with the Yoast SEO plugin v27.6 - https:\/\/yoast.com\/product\/yoast-seo-wordpress\/ -->\n<title>Servicios - Arantza Garcia<\/title>\n<meta name=\"robots\" content=\"index, follow, max-snippet:-1, max-image-preview:large, max-video-preview:-1\" \/>\n<link rel=\"canonical\" href=\"https:\/\/abogadaarantzagarcia.com\/eus\/servicios\/\" \/>\n<meta property=\"og:locale\" content=\"en_US\" \/>\n<meta property=\"og:type\" content=\"article\" \/>\n<meta property=\"og:title\" content=\"Servicios - Arantza Garcia\" \/>\n<meta property=\"og:description\" content=\"Asesoramiento jur\u00eddico que te protege y defiende. Asesoramiento jur\u00eddico Asesoramiento jur\u00eddico con m\u00e1s de 25 a\u00f1os de experiencia, brindando confianza y soluciones efectivas. Especializada en ofrecer soluciones legales integrales y adaptadas a cada cliente, su s\u00f3lida trayectoria y compromiso la respaldan como una experta en el \u00e1mbito jur\u00eddico. Administradora Colegiada Garantiza una gesti\u00f3n eficiente y [&hellip;]\" \/>\n<meta property=\"og:url\" content=\"https:\/\/abogadaarantzagarcia.com\/eus\/servicios\/\" \/>\n<meta property=\"og:site_name\" content=\"Arantza Garcia\" \/>\n<meta property=\"article:modified_time\" content=\"2024-11-20T14:05:41+00:00\" \/>\n<meta name=\"twitter:card\" content=\"summary_large_image\" \/>\n<meta name=\"twitter:label1\" content=\"Est. reading time\" \/>\n\t<meta name=\"twitter:data1\" content=\"1 minutua\" \/>\n<script type=\"application\/ld+json\" class=\"yoast-schema-graph\">{\"@context\":\"https:\\\/\\\/schema.org\",\"@graph\":[{\"@type\":\"WebPage\",\"@id\":\"https:\\\/\\\/abogadaarantzagarcia.com\\\/servicios\\\/\",\"url\":\"https:\\\/\\\/abogadaarantzagarcia.com\\\/servicios\\\/\",\"name\":\"Servicios - Arantza Garcia\",\"isPartOf\":{\"@id\":\"https:\\\/\\\/abogadaarantzagarcia.com\\\/#website\"},\"datePublished\":\"2024-07-18T09:03:50+00:00\",\"dateModified\":\"2024-11-20T14:05:41+00:00\",\"breadcrumb\":{\"@id\":\"https:\\\/\\\/abogadaarantzagarcia.com\\\/servicios\\\/#breadcrumb\"},\"inLanguage\":\"eu\",\"potentialAction\":[{\"@type\":\"ReadAction\",\"target\":[\"https:\\\/\\\/abogadaarantzagarcia.com\\\/servicios\\\/\"]}]},{\"@type\":\"BreadcrumbList\",\"@id\":\"https:\\\/\\\/abogadaarantzagarcia.com\\\/servicios\\\/#breadcrumb\",\"itemListElement\":[{\"@type\":\"ListItem\",\"position\":1,\"name\":\"Portada\",\"item\":\"https:\\\/\\\/abogadaarantzagarcia.com\\\/\"},{\"@type\":\"ListItem\",\"position\":2,\"name\":\"Servicios\"}]},{\"@type\":\"WebSite\",\"@id\":\"https:\\\/\\\/abogadaarantzagarcia.com\\\/#website\",\"url\":\"https:\\\/\\\/abogadaarantzagarcia.com\\\/\",\"name\":\"Despacho Abogados\",\"description\":\"Asesoramiento jur\u00eddico\",\"publisher\":{\"@id\":\"https:\\\/\\\/abogadaarantzagarcia.com\\\/#organization\"},\"potentialAction\":[{\"@type\":\"SearchAction\",\"target\":{\"@type\":\"EntryPoint\",\"urlTemplate\":\"https:\\\/\\\/abogadaarantzagarcia.com\\\/?s={search_term_string}\"},\"query-input\":{\"@type\":\"PropertyValueSpecification\",\"valueRequired\":true,\"valueName\":\"search_term_string\"}}],\"inLanguage\":\"eu\"},{\"@type\":\"Organization\",\"@id\":\"https:\\\/\\\/abogadaarantzagarcia.com\\\/#organization\",\"name\":\"Despacho Abogados\",\"url\":\"https:\\\/\\\/abogadaarantzagarcia.com\\\/\",\"logo\":{\"@type\":\"ImageObject\",\"inLanguage\":\"eu\",\"@id\":\"https:\\\/\\\/abogadaarantzagarcia.com\\\/#\\\/schema\\\/logo\\\/image\\\/\",\"url\":\"https:\\\/\\\/abogadaarantzagarcia.com\\\/wp-content\\\/uploads\\\/2024\\\/11\\\/cropped-Arantza-Garcia-1.png\",\"contentUrl\":\"https:\\\/\\\/abogadaarantzagarcia.com\\\/wp-content\\\/uploads\\\/2024\\\/11\\\/cropped-Arantza-Garcia-1.png\",\"width\":429,\"height\":156,\"caption\":\"Despacho Abogados\"},\"image\":{\"@id\":\"https:\\\/\\\/abogadaarantzagarcia.com\\\/#\\\/schema\\\/logo\\\/image\\\/\"}}]}<\/script>\n<!-- \/ Yoast SEO plugin. -->","yoast_head_json":{"title":"Servicios - Arantza Garcia","robots":{"index":"index","follow":"follow","max-snippet":"max-snippet:-1","max-image-preview":"max-image-preview:large","max-video-preview":"max-video-preview:-1"},"canonical":"https:\/\/abogadaarantzagarcia.com\/eus\/servicios\/","og_locale":"en_US","og_type":"article","og_title":"Servicios - Arantza Garcia","og_description":"Asesoramiento jur\u00eddico que te protege y defiende. Asesoramiento jur\u00eddico Asesoramiento jur\u00eddico con m\u00e1s de 25 a\u00f1os de experiencia, brindando confianza y soluciones efectivas. Especializada en ofrecer soluciones legales integrales y adaptadas a cada cliente, su s\u00f3lida trayectoria y compromiso la respaldan como una experta en el \u00e1mbito jur\u00eddico. Administradora Colegiada Garantiza una gesti\u00f3n eficiente y [&hellip;]","og_url":"https:\/\/abogadaarantzagarcia.com\/eus\/servicios\/","og_site_name":"Arantza Garcia","article_modified_time":"2024-11-20T14:05:41+00:00","twitter_card":"summary_large_image","twitter_misc":{"Est. reading time":"1 minutua"},"schema":{"@context":"https:\/\/schema.org","@graph":[{"@type":"WebPage","@id":"https:\/\/abogadaarantzagarcia.com\/servicios\/","url":"https:\/\/abogadaarantzagarcia.com\/servicios\/","name":"Servicios - Arantza Garcia","isPartOf":{"@id":"https:\/\/abogadaarantzagarcia.com\/#website"},"datePublished":"2024-07-18T09:03:50+00:00","dateModified":"2024-11-20T14:05:41+00:00","breadcrumb":{"@id":"https:\/\/abogadaarantzagarcia.com\/servicios\/#breadcrumb"},"inLanguage":"eu","potentialAction":[{"@type":"ReadAction","target":["https:\/\/abogadaarantzagarcia.com\/servicios\/"]}]},{"@type":"BreadcrumbList","@id":"https:\/\/abogadaarantzagarcia.com\/servicios\/#breadcrumb","itemListElement":[{"@type":"ListItem","position":1,"name":"Portada","item":"https:\/\/abogadaarantzagarcia.com\/"},{"@type":"ListItem","position":2,"name":"Servicios"}]},{"@type":"WebSite","@id":"https:\/\/abogadaarantzagarcia.com\/#website","url":"https:\/\/abogadaarantzagarcia.com\/","name":"Despacho Abogados","description":"Asesoramiento jur\u00eddico","publisher":{"@id":"https:\/\/abogadaarantzagarcia.com\/#organization"},"potentialAction":[{"@type":"SearchAction","target":{"@type":"EntryPoint","urlTemplate":"https:\/\/abogadaarantzagarcia.com\/?s={search_term_string}"},"query-input":{"@type":"PropertyValueSpecification","valueRequired":true,"valueName":"search_term_string"}}],"inLanguage":"eu"},{"@type":"Organization","@id":"https:\/\/abogadaarantzagarcia.com\/#organization","name":"Despacho Abogados","url":"https:\/\/abogadaarantzagarcia.com\/","logo":{"@type":"ImageObject","inLanguage":"eu","@id":"https:\/\/abogadaarantzagarcia.com\/#\/schema\/logo\/image\/","url":"https:\/\/abogadaarantzagarcia.com\/wp-content\/uploads\/2024\/11\/cropped-Arantza-Garcia-1.png","contentUrl":"https:\/\/abogadaarantzagarcia.com\/wp-content\/uploads\/2024\/11\/cropped-Arantza-Garcia-1.png","width":429,"height":156,"caption":"Despacho Abogados"},"image":{"@id":"https:\/\/abogadaarantzagarcia.com\/#\/schema\/logo\/image\/"}}]}},"_links":{"self":[{"href":"https:\/\/abogadaarantzagarcia.com\/eus\/wp-json\/wp\/v2\/pages\/13","targetHints":{"allow":["GET"]}}],"collection":[{"href":"https:\/\/abogadaarantzagarcia.com\/eus\/wp-json\/wp\/v2\/pages"}],"about":[{"href":"https:\/\/abogadaarantzagarcia.com\/eus\/wp-json\/wp\/v2\/types\/page"}],"author":[{"embeddable":true,"href":"https:\/\/abogadaarantzagarcia.com\/eus\/wp-json\/wp\/v2\/users\/2"}],"replies":[{"embeddable":true,"href":"https:\/\/abogadaarantzagarcia.com\/eus\/wp-json\/wp\/v2\/comments?post=13"}],"version-history":[{"count":76,"href":"https:\/\/abogadaarantzagarcia.com\/eus\/wp-json\/wp\/v2\/pages\/13\/revisions"}],"predecessor-version":[{"id":776,"href":"https:\/\/abogadaarantzagarcia.com\/eus\/wp-json\/wp\/v2\/pages\/13\/revisions\/776"}],"wp:attachment":[{"href":"https:\/\/abogadaarantzagarcia.com\/eus\/wp-json\/wp\/v2\/media?parent=13"}],"curies":[{"name":"wp","href":"https:\/\/api.w.org\/{rel}","templated":true}]}}