{"id":2,"date":"2024-07-18T08:54:11","date_gmt":"2024-07-18T08:54:11","guid":{"rendered":"https:\/\/gainzaurrutiaabogados.rkinformatika.online\/?page_id=2"},"modified":"2024-11-20T14:33:09","modified_gmt":"2024-11-20T14:33:09","slug":"inicio","status":"publish","type":"page","link":"https:\/\/abogadaarantzagarcia.com\/eus\/","title":{"rendered":"HASIERA"},"content":{"rendered":"<div data-elementor-type=\"wp-page\" data-elementor-id=\"2\" class=\"elementor elementor-2\" data-elementor-post-type=\"page\">\n\t\t\t\t<div class=\"elementor-element elementor-element-76d42f2 e-con-full e-flex e-con e-parent\" data-id=\"76d42f2\" data-element_type=\"container\" data-e-type=\"container\" data-settings=\"{&quot;background_background&quot;:&quot;classic&quot;}\">\n\t\t\t\t<\/div>\n\t\t<div class=\"elementor-element elementor-element-2c91c96 e-flex e-con-boxed e-con e-parent\" data-id=\"2c91c96\" data-element_type=\"container\" data-e-type=\"container\">\n\t\t\t\t\t<div class=\"e-con-inner\">\n\t\t<div class=\"elementor-element elementor-element-1d0bf16 e-con-full e-flex elementor-invisible e-con e-child\" data-id=\"1d0bf16\" data-element_type=\"container\" data-e-type=\"container\" data-settings=\"{&quot;background_background&quot;:&quot;classic&quot;,&quot;animation&quot;:&quot;fadeInRight&quot;}\">\n\t\t\t\t<div class=\"elementor-element elementor-element-4be26e8 elementor-widget elementor-widget-heading\" data-id=\"4be26e8\" data-element_type=\"widget\" data-e-type=\"widget\" data-widget_type=\"heading.default\">\n\t\t\t\t<div class=\"elementor-widget-container\">\n\t\t\t\t\t<h2 class=\"elementor-heading-title elementor-size-default\">NIRE HISTORIA<\/h2>\t\t\t\t<\/div>\n\t\t\t\t<\/div>\n\t\t\t\t<div class=\"elementor-element elementor-element-fbebc9b elementor-widget__width-initial elementor-widget elementor-widget-text-editor\" data-id=\"fbebc9b\" data-element_type=\"widget\" data-e-type=\"widget\" data-widget_type=\"text-editor.default\">\n\t\t\t\t<div class=\"elementor-widget-container\">\n\t\t\t\t\t\t\t\t\t<p>Deustuko Unibertsitateak titulatutako abokatua, 25 urte baino gehiagoko esperientzia duena lanbide-jardunean. Bezero bakoitzari legezko irtenbide integral eta egokituak eskaintzen espezializatua, bere ibilbide sendoak eta konpromisoak esparru juridikoan aditu gisa babesten dute. Gainera, administratzaile kolegiatua da, eta horrek kudeaketa eraginkorra eta profesionala bermatzen du finken eta komunitateen administrazioan. Konfiantza, dedikazioa eta bikaintasuna kasu bakoitzean.<\/p>\t\t\t\t\t\t\t\t<\/div>\n\t\t\t\t<\/div>\n\t\t\t\t<\/div>\n\t\t<div class=\"elementor-element elementor-element-c956bbf e-con-full e-flex elementor-invisible e-con e-child\" data-id=\"c956bbf\" data-element_type=\"container\" data-e-type=\"container\" data-settings=\"{&quot;background_background&quot;:&quot;classic&quot;,&quot;animation&quot;:&quot;fadeInLeft&quot;}\">\n\t\t\t\t<div class=\"elementor-element elementor-element-e07d159 elementor-widget elementor-widget-image\" data-id=\"e07d159\" data-element_type=\"widget\" data-e-type=\"widget\" data-widget_type=\"image.default\">\n\t\t\t\t<div class=\"elementor-widget-container\">\n\t\t\t\t\t\t\t\t\t\t\t\t\t\t\t<img fetchpriority=\"high\" decoding=\"async\" width=\"800\" height=\"534\" src=\"https:\/\/abogadaarantzagarcia.com\/wp-content\/uploads\/2024\/11\/front-view-blurry-lawyer-working-1024x683.jpg\" class=\"attachment-large size-large wp-image-737\" alt=\"\" srcset=\"https:\/\/abogadaarantzagarcia.com\/wp-content\/uploads\/2024\/11\/front-view-blurry-lawyer-working-1024x683.jpg 1024w, https:\/\/abogadaarantzagarcia.com\/wp-content\/uploads\/2024\/11\/front-view-blurry-lawyer-working-300x200.jpg 300w, https:\/\/abogadaarantzagarcia.com\/wp-content\/uploads\/2024\/11\/front-view-blurry-lawyer-working-768x512.jpg 768w, https:\/\/abogadaarantzagarcia.com\/wp-content\/uploads\/2024\/11\/front-view-blurry-lawyer-working-1536x1024.jpg 1536w, https:\/\/abogadaarantzagarcia.com\/wp-content\/uploads\/2024\/11\/front-view-blurry-lawyer-working-2048x1365.jpg 2048w, https:\/\/abogadaarantzagarcia.com\/wp-content\/uploads\/2024\/11\/front-view-blurry-lawyer-working-18x12.jpg 18w\" sizes=\"(max-width: 800px) 100vw, 800px\" \/>\t\t\t\t\t\t\t\t\t\t\t\t\t\t\t<\/div>\n\t\t\t\t<\/div>\n\t\t\t\t<\/div>\n\t\t\t\t\t<\/div>\n\t\t\t\t<\/div>\n\t\t<div class=\"elementor-element elementor-element-a2bc9d5 e-con-full e-flex e-con e-parent\" data-id=\"a2bc9d5\" data-element_type=\"container\" data-e-type=\"container\" data-settings=\"{&quot;background_background&quot;:&quot;classic&quot;}\">\n\t\t\t\t<div class=\"elementor-element elementor-element-a10a96d elementor-widget-tablet__width-initial elementor-widget__width-initial elementor-invisible elementor-widget elementor-widget-heading\" data-id=\"a10a96d\" data-element_type=\"widget\" data-e-type=\"widget\" data-settings=\"{&quot;_animation&quot;:&quot;fadeInLeft&quot;}\" data-widget_type=\"heading.default\">\n\t\t\t\t<div class=\"elementor-widget-container\">\n\t\t\t\t\t<h3 class=\"elementor-heading-title elementor-size-default\">Aholkularitza juridiko pertsonalizatua<\/h3>\t\t\t\t<\/div>\n\t\t\t\t<\/div>\n\t\t\t\t<div class=\"elementor-element elementor-element-9db8054 elementor-align-center elementor-widget__width-initial elementor-tablet-align-left elementor-invisible elementor-widget elementor-widget-button\" data-id=\"9db8054\" data-element_type=\"widget\" data-e-type=\"widget\" data-settings=\"{&quot;_animation&quot;:&quot;fadeInLeft&quot;}\" data-widget_type=\"button.default\">\n\t\t\t\t<div class=\"elementor-widget-container\">\n\t\t\t\t\t\t\t\t\t<div class=\"elementor-button-wrapper\">\n\t\t\t\t\t<a class=\"elementor-button elementor-button-link elementor-size-sm elementor-animation-grow\" href=\"https:\/\/abogadaarantzagarcia.com\/eus\/contacto\/\">\n\t\t\t\t\t\t<span class=\"elementor-button-content-wrapper\">\n\t\t\t\t\t\t\t\t\t<span class=\"elementor-button-text\">Konaktatu gaitzazu!<\/span>\n\t\t\t\t\t<\/span>\n\t\t\t\t\t<\/a>\n\t\t\t\t<\/div>\n\t\t\t\t\t\t\t\t<\/div>\n\t\t\t\t<\/div>\n\t\t\t\t<\/div>\n\t\t\t\t<\/div>","protected":false},"excerpt":{"rendered":"<p>mi historia Abogada titulada por la Universidad de Deusto con m\u00e1s de 25 a\u00f1os de experiencia en el ejercicio profesional. Especializada en ofrecer soluciones legales integrales y adaptadas a cada cliente, su s\u00f3lida trayectoria y compromiso la respaldan como una experta en el \u00e1mbito jur\u00eddico. Adem\u00e1s, es Administradora Colegiada, lo que garantiza una gesti\u00f3n eficiente [&hellip;]<\/p>\n","protected":false},"author":2,"featured_media":0,"parent":0,"menu_order":0,"comment_status":"closed","ping_status":"closed","template":"elementor_canvas","meta":{"footnotes":""},"class_list":["post-2","page","type-page","status-publish","hentry"],"yoast_head":"<!-- This site is optimized with the Yoast SEO plugin v27.5 - https:\/\/yoast.com\/product\/yoast-seo-wordpress\/ -->\n<title>Inicio - Arantza Garcia<\/title>\n<meta name=\"robots\" content=\"index, follow, max-snippet:-1, max-image-preview:large, max-video-preview:-1\" \/>\n<link rel=\"canonical\" href=\"https:\/\/abogadaarantzagarcia.com\/eus\/\" \/>\n<meta property=\"og:locale\" content=\"en_US\" \/>\n<meta property=\"og:type\" content=\"article\" \/>\n<meta property=\"og:title\" content=\"Inicio - Arantza Garcia\" \/>\n<meta property=\"og:description\" content=\"mi historia Abogada titulada por la Universidad de Deusto con m\u00e1s de 25 a\u00f1os de experiencia en el ejercicio profesional. Especializada en ofrecer soluciones legales integrales y adaptadas a cada cliente, su s\u00f3lida trayectoria y compromiso la respaldan como una experta en el \u00e1mbito jur\u00eddico. Adem\u00e1s, es Administradora Colegiada, lo que garantiza una gesti\u00f3n eficiente [&hellip;]\" \/>\n<meta property=\"og:url\" content=\"https:\/\/abogadaarantzagarcia.com\/eus\/\" \/>\n<meta property=\"og:site_name\" content=\"Arantza Garcia\" \/>\n<meta property=\"article:modified_time\" content=\"2024-11-20T14:33:09+00:00\" \/>\n<meta property=\"og:image\" content=\"https:\/\/abogadaarantzagarcia.com\/wp-content\/uploads\/2024\/11\/front-view-blurry-lawyer-working-scaled.jpg\" \/>\n\t<meta property=\"og:image:width\" content=\"2560\" \/>\n\t<meta property=\"og:image:height\" content=\"1707\" \/>\n\t<meta property=\"og:image:type\" content=\"image\/jpeg\" \/>\n<meta name=\"twitter:card\" content=\"summary_large_image\" \/>\n<meta name=\"twitter:label1\" content=\"Est. reading time\" \/>\n\t<meta name=\"twitter:data1\" content=\"1 minutua\" \/>\n<script type=\"application\/ld+json\" class=\"yoast-schema-graph\">{\"@context\":\"https:\\\/\\\/schema.org\",\"@graph\":[{\"@type\":\"WebPage\",\"@id\":\"https:\\\/\\\/abogadaarantzagarcia.com\\\/\",\"url\":\"https:\\\/\\\/abogadaarantzagarcia.com\\\/\",\"name\":\"Inicio - Arantza Garcia\",\"isPartOf\":{\"@id\":\"https:\\\/\\\/abogadaarantzagarcia.com\\\/#website\"},\"primaryImageOfPage\":{\"@id\":\"https:\\\/\\\/abogadaarantzagarcia.com\\\/#primaryimage\"},\"image\":{\"@id\":\"https:\\\/\\\/abogadaarantzagarcia.com\\\/#primaryimage\"},\"thumbnailUrl\":\"https:\\\/\\\/abogadaarantzagarcia.com\\\/wp-content\\\/uploads\\\/2024\\\/11\\\/front-view-blurry-lawyer-working-1024x683.jpg\",\"datePublished\":\"2024-07-18T08:54:11+00:00\",\"dateModified\":\"2024-11-20T14:33:09+00:00\",\"breadcrumb\":{\"@id\":\"https:\\\/\\\/abogadaarantzagarcia.com\\\/#breadcrumb\"},\"inLanguage\":\"eu\",\"potentialAction\":[{\"@type\":\"ReadAction\",\"target\":[\"https:\\\/\\\/abogadaarantzagarcia.com\\\/\"]}]},{\"@type\":\"ImageObject\",\"inLanguage\":\"eu\",\"@id\":\"https:\\\/\\\/abogadaarantzagarcia.com\\\/#primaryimage\",\"url\":\"https:\\\/\\\/abogadaarantzagarcia.com\\\/wp-content\\\/uploads\\\/2024\\\/11\\\/front-view-blurry-lawyer-working-1024x683.jpg\",\"contentUrl\":\"https:\\\/\\\/abogadaarantzagarcia.com\\\/wp-content\\\/uploads\\\/2024\\\/11\\\/front-view-blurry-lawyer-working-1024x683.jpg\"},{\"@type\":\"BreadcrumbList\",\"@id\":\"https:\\\/\\\/abogadaarantzagarcia.com\\\/#breadcrumb\",\"itemListElement\":[{\"@type\":\"ListItem\",\"position\":1,\"name\":\"Portada\",\"item\":\"https:\\\/\\\/abogadaarantzagarcia.com\\\/\"},{\"@type\":\"ListItem\",\"position\":2,\"name\":\"Inicio\"}]},{\"@type\":\"WebSite\",\"@id\":\"https:\\\/\\\/abogadaarantzagarcia.com\\\/#website\",\"url\":\"https:\\\/\\\/abogadaarantzagarcia.com\\\/\",\"name\":\"Despacho Abogados\",\"description\":\"Asesoramiento jur\u00eddico\",\"publisher\":{\"@id\":\"https:\\\/\\\/abogadaarantzagarcia.com\\\/#organization\"},\"potentialAction\":[{\"@type\":\"SearchAction\",\"target\":{\"@type\":\"EntryPoint\",\"urlTemplate\":\"https:\\\/\\\/abogadaarantzagarcia.com\\\/?s={search_term_string}\"},\"query-input\":{\"@type\":\"PropertyValueSpecification\",\"valueRequired\":true,\"valueName\":\"search_term_string\"}}],\"inLanguage\":\"eu\"},{\"@type\":\"Organization\",\"@id\":\"https:\\\/\\\/abogadaarantzagarcia.com\\\/#organization\",\"name\":\"Despacho Abogados\",\"url\":\"https:\\\/\\\/abogadaarantzagarcia.com\\\/\",\"logo\":{\"@type\":\"ImageObject\",\"inLanguage\":\"eu\",\"@id\":\"https:\\\/\\\/abogadaarantzagarcia.com\\\/#\\\/schema\\\/logo\\\/image\\\/\",\"url\":\"https:\\\/\\\/abogadaarantzagarcia.com\\\/wp-content\\\/uploads\\\/2024\\\/11\\\/cropped-Arantza-Garcia-1.png\",\"contentUrl\":\"https:\\\/\\\/abogadaarantzagarcia.com\\\/wp-content\\\/uploads\\\/2024\\\/11\\\/cropped-Arantza-Garcia-1.png\",\"width\":429,\"height\":156,\"caption\":\"Despacho Abogados\"},\"image\":{\"@id\":\"https:\\\/\\\/abogadaarantzagarcia.com\\\/#\\\/schema\\\/logo\\\/image\\\/\"}}]}<\/script>\n<!-- \/ Yoast SEO plugin. -->","yoast_head_json":{"title":"Inicio - Arantza Garcia","robots":{"index":"index","follow":"follow","max-snippet":"max-snippet:-1","max-image-preview":"max-image-preview:large","max-video-preview":"max-video-preview:-1"},"canonical":"https:\/\/abogadaarantzagarcia.com\/eus\/","og_locale":"en_US","og_type":"article","og_title":"Inicio - Arantza Garcia","og_description":"mi historia Abogada titulada por la Universidad de Deusto con m\u00e1s de 25 a\u00f1os de experiencia en el ejercicio profesional. Especializada en ofrecer soluciones legales integrales y adaptadas a cada cliente, su s\u00f3lida trayectoria y compromiso la respaldan como una experta en el \u00e1mbito jur\u00eddico. Adem\u00e1s, es Administradora Colegiada, lo que garantiza una gesti\u00f3n eficiente [&hellip;]","og_url":"https:\/\/abogadaarantzagarcia.com\/eus\/","og_site_name":"Arantza Garcia","article_modified_time":"2024-11-20T14:33:09+00:00","og_image":[{"width":2560,"height":1707,"url":"https:\/\/abogadaarantzagarcia.com\/wp-content\/uploads\/2024\/11\/front-view-blurry-lawyer-working-scaled.jpg","type":"image\/jpeg"}],"twitter_card":"summary_large_image","twitter_misc":{"Est. reading time":"1 minutua"},"schema":{"@context":"https:\/\/schema.org","@graph":[{"@type":"WebPage","@id":"https:\/\/abogadaarantzagarcia.com\/","url":"https:\/\/abogadaarantzagarcia.com\/","name":"Inicio - Arantza Garcia","isPartOf":{"@id":"https:\/\/abogadaarantzagarcia.com\/#website"},"primaryImageOfPage":{"@id":"https:\/\/abogadaarantzagarcia.com\/#primaryimage"},"image":{"@id":"https:\/\/abogadaarantzagarcia.com\/#primaryimage"},"thumbnailUrl":"https:\/\/abogadaarantzagarcia.com\/wp-content\/uploads\/2024\/11\/front-view-blurry-lawyer-working-1024x683.jpg","datePublished":"2024-07-18T08:54:11+00:00","dateModified":"2024-11-20T14:33:09+00:00","breadcrumb":{"@id":"https:\/\/abogadaarantzagarcia.com\/#breadcrumb"},"inLanguage":"eu","potentialAction":[{"@type":"ReadAction","target":["https:\/\/abogadaarantzagarcia.com\/"]}]},{"@type":"ImageObject","inLanguage":"eu","@id":"https:\/\/abogadaarantzagarcia.com\/#primaryimage","url":"https:\/\/abogadaarantzagarcia.com\/wp-content\/uploads\/2024\/11\/front-view-blurry-lawyer-working-1024x683.jpg","contentUrl":"https:\/\/abogadaarantzagarcia.com\/wp-content\/uploads\/2024\/11\/front-view-blurry-lawyer-working-1024x683.jpg"},{"@type":"BreadcrumbList","@id":"https:\/\/abogadaarantzagarcia.com\/#breadcrumb","itemListElement":[{"@type":"ListItem","position":1,"name":"Portada","item":"https:\/\/abogadaarantzagarcia.com\/"},{"@type":"ListItem","position":2,"name":"Inicio"}]},{"@type":"WebSite","@id":"https:\/\/abogadaarantzagarcia.com\/#website","url":"https:\/\/abogadaarantzagarcia.com\/","name":"Despacho Abogados","description":"Asesoramiento jur\u00eddico","publisher":{"@id":"https:\/\/abogadaarantzagarcia.com\/#organization"},"potentialAction":[{"@type":"SearchAction","target":{"@type":"EntryPoint","urlTemplate":"https:\/\/abogadaarantzagarcia.com\/?s={search_term_string}"},"query-input":{"@type":"PropertyValueSpecification","valueRequired":true,"valueName":"search_term_string"}}],"inLanguage":"eu"},{"@type":"Organization","@id":"https:\/\/abogadaarantzagarcia.com\/#organization","name":"Despacho Abogados","url":"https:\/\/abogadaarantzagarcia.com\/","logo":{"@type":"ImageObject","inLanguage":"eu","@id":"https:\/\/abogadaarantzagarcia.com\/#\/schema\/logo\/image\/","url":"https:\/\/abogadaarantzagarcia.com\/wp-content\/uploads\/2024\/11\/cropped-Arantza-Garcia-1.png","contentUrl":"https:\/\/abogadaarantzagarcia.com\/wp-content\/uploads\/2024\/11\/cropped-Arantza-Garcia-1.png","width":429,"height":156,"caption":"Despacho Abogados"},"image":{"@id":"https:\/\/abogadaarantzagarcia.com\/#\/schema\/logo\/image\/"}}]}},"_links":{"self":[{"href":"https:\/\/abogadaarantzagarcia.com\/eus\/wp-json\/wp\/v2\/pages\/2","targetHints":{"allow":["GET"]}}],"collection":[{"href":"https:\/\/abogadaarantzagarcia.com\/eus\/wp-json\/wp\/v2\/pages"}],"about":[{"href":"https:\/\/abogadaarantzagarcia.com\/eus\/wp-json\/wp\/v2\/types\/page"}],"author":[{"embeddable":true,"href":"https:\/\/abogadaarantzagarcia.com\/eus\/wp-json\/wp\/v2\/users\/2"}],"replies":[{"embeddable":true,"href":"https:\/\/abogadaarantzagarcia.com\/eus\/wp-json\/wp\/v2\/comments?post=2"}],"version-history":[{"count":223,"href":"https:\/\/abogadaarantzagarcia.com\/eus\/wp-json\/wp\/v2\/pages\/2\/revisions"}],"predecessor-version":[{"id":817,"href":"https:\/\/abogadaarantzagarcia.com\/eus\/wp-json\/wp\/v2\/pages\/2\/revisions\/817"}],"wp:attachment":[{"href":"https:\/\/abogadaarantzagarcia.com\/eus\/wp-json\/wp\/v2\/media?parent=2"}],"curies":[{"name":"wp","href":"https:\/\/api.w.org\/{rel}","templated":true}]}}